{"id":724,"date":"2019-03-06T08:58:38","date_gmt":"2019-03-06T07:58:38","guid":{"rendered":"http:\/\/dev.mca-invest.de\/?page_id=724"},"modified":"2024-06-19T17:15:46","modified_gmt":"2024-06-19T15:15:46","slug":"impressum","status":"publish","type":"page","link":"https:\/\/mca-invest.de\/en\/impressum\/","title":{"rendered":"Impressum"},"content":{"rendered":"<p>[vc_row type_row=&#8221;default&#8221;][vc_column][vc_column_text]<\/p>\n<h4>Impressum<\/h4>\n<p>MCA Investment &#038; Technologies GmbH &#038; Co.KG<br \/>\nMies-van-der-Rohe-Str. 8,<br \/>\nc\/o DESIGN OFFICES \u2013 MCA,<br \/>\n80807 M\u00fcnchen<\/p>\n<div>\n<div>Handelsregister: <span lang=\"EN-US\">HRA 114336\u2502USTID (VAT): DE247636969. LEI Legal Entity Identification 529900C3Q1V0B8LFJN71. <\/span>EU Transparency Register No. MLV45C<\/div>\n<\/div>\n<p><strong>Vertreten durch die Gesch\u00e4ftsf\u00fchrer:<\/strong><br \/>\nDie MCA Investment &#038; Technologies GmbH &#038; Co. KG wird vertreten durch die Complementus GmbH, diese wiederum wird vertreten durch den Gesch\u00e4ftsf\u00fchrer Michael Negel, Senator h.c.<\/p>\n<h5>Kontakt<\/h5>\n<p>Telefon: +49 89 724 00 777<br \/>\nE-Mail: info@mca-invest.de<\/p>\n<h5>Umsatzsteuer-ID<\/h5>\n<p>Umsatzsteuer-Identifikationsnummer gem\u00e4\u00df \u00a727 a Umsatzsteuergesetz:<br \/>\nUST-ID.Nr. DE247636969<\/p>\n<h5>Streitschlichtung<\/h5>\n<p>Die Europ\u00e4ische Kommission stellt eine Plattform zur Online-Streitbeilegung (OS) bereit: <a href=\"https:\/\/ec.europa.eu\/consumers\/odr\" target=\"_blank\" rel=\"noopener noreferrer\">https:\/\/ec.europa.eu\/consumers\/odr<\/a>.<br \/>\nUnsere E-Mail-Adresse finden Sie oben im Impressum.<\/p>\n<p>Wir sind nicht bereit oder verpflichtet, an Streitbeilegungsverfahren vor einer Verbraucherschlichtungsstelle teilzunehmen.<\/p>\n<h5>Urheberrecht<\/h5>\n<p>Die durch die Seitenbetreiber erstellten Inhalte und Werke auf diesen Seiten unterliegen dem deutschen Urheberrecht. Die Vervielf\u00e4ltigung, Bearbeitung, Verbreitung und jede Art der Verwertung au\u00dferhalb der Grenzen des Urheberrechtes bed\u00fcrfen der schriftlichen Zustimmung des jeweiligen Autors bzw. Erstellers. Downloads und Kopien dieser Seite sind nur f\u00fcr den privaten, nicht kommerziellen Gebrauch gestattet.<\/p>\n<p>Soweit die Inhalte auf dieser Seite nicht vom Betreiber erstellt wurden, werden die Urheberrechte Dritter beachtet. Insbesondere werden Inhalte Dritter als solche gekennzeichnet. Sollten Sie trotzdem auf eine Urheberrechtsverletzung aufmerksam werden, bitten wir um einen entsprechenden Hinweis. Bei Bekanntwerden von Rechtsverletzungen werden wir derartige Inhalte umgehend entfernen.[\/vc_column_text][\/vc_column][\/vc_row]<\/p>\n","protected":false},"excerpt":{"rendered":"<p>[vc_row type_row=&#8221;default&#8221;][vc_column][vc_column_text] Impressum MCA Investment &#038; Technologies GmbH &#038; Co.KG Mies-van-der-Rohe-Str. 8, c\/o DESIGN OFFICES \u2013 MCA, 80807 M\u00fcnchen Handelsregister: HRA 114336\u2502USTID (VAT): DE247636969. LEI Legal Entity Identification 529900C3Q1V0B8LFJN71. EU Transparency Register No. MLV45C Vertreten durch die Gesch\u00e4ftsf\u00fchrer: Die MCA Investment &#038; Technologies GmbH &#038; Co. KG wird vertreten durch die Complementus GmbH, diese wiederum [&hellip;]<\/p>\n","protected":false},"author":1,"featured_media":0,"parent":0,"menu_order":0,"comment_status":"closed","ping_status":"closed","template":"page-templates\/other-page.php","meta":[],"_links":{"self":[{"href":"https:\/\/mca-invest.de\/en\/wp-json\/wp\/v2\/pages\/724"}],"collection":[{"href":"https:\/\/mca-invest.de\/en\/wp-json\/wp\/v2\/pages"}],"about":[{"href":"https:\/\/mca-invest.de\/en\/wp-json\/wp\/v2\/types\/page"}],"author":[{"embeddable":true,"href":"https:\/\/mca-invest.de\/en\/wp-json\/wp\/v2\/users\/1"}],"replies":[{"embeddable":true,"href":"https:\/\/mca-invest.de\/en\/wp-json\/wp\/v2\/comments?post=724"}],"version-history":[{"count":38,"href":"https:\/\/mca-invest.de\/en\/wp-json\/wp\/v2\/pages\/724\/revisions"}],"predecessor-version":[{"id":1739,"href":"https:\/\/mca-invest.de\/en\/wp-json\/wp\/v2\/pages\/724\/revisions\/1739"}],"wp:attachment":[{"href":"https:\/\/mca-invest.de\/en\/wp-json\/wp\/v2\/media?parent=724"}],"curies":[{"name":"wp","href":"https:\/\/api.w.org\/{rel}","templated":true}]}}