{"id":294,"date":"2018-12-27T17:45:22","date_gmt":"2018-12-27T16:45:22","guid":{"rendered":"http:\/\/sttheme.com\/demosd\/sienta\/?page_id=294"},"modified":"2021-11-18T13:44:15","modified_gmt":"2021-11-18T12:44:15","slug":"geschaeftsbereiche","status":"publish","type":"page","link":"https:\/\/mca-invest.de\/en\/geschaeftsbereiche\/","title":{"rendered":"Business sectors"},"content":{"rendered":"<p>[vc_row type_row=&#8221;default&#8221;][vc_column][vc_tta_tabs style=&#8221;modern&#8221; shape=&#8221;square&#8221; spacing=&#8221;5&#8243; gap=&#8221;5&#8243; active_section=&#8221;1&#8243;][vc_tta_section i_icon_fontawesome=&#8221;fa fa-puzzle-piece&#8221; add_icon=&#8221;true&#8221; title=&#8221;Investments&#8221; tab_id=&#8221;unternehmensbeteiligung&#8221;][vc_column_text]<\/p>\n<h5>Corporate investments<\/h5>\n<p>The MCA is currently indirectly involved in companies ranging from procurement, industrial services, information technology, financial services, sensor technology, venture capital, real estate, asset management.<\/p>\n<h5>Indirect investments:<\/h5>\n<p>&nbsp;<\/p>\n<p><img loading=\"lazy\" class=\"alignnone size-full wp-image-1164\" src=\"https:\/\/mca-invest.de\/wp-content\/uploads\/2019\/03\/logo-camkan.jpg\" alt=\"\" width=\"173\" height=\"33\" \/><\/p>\n<p>Camkan Invest LLC Camkan Invest is the family office and the family holding company of the Family Negel.<\/p>\n<div class=\"clear\">\n<hr \/>\n<\/div>\n<p>&nbsp;<\/p>\n<p><img loading=\"lazy\" class=\"alignnone size-full wp-image-1173\" src=\"https:\/\/mca-invest.de\/wp-content\/uploads\/2019\/04\/logo_hpi.png\" alt=\"\" width=\"173\" height=\"83\" \/><\/p>\n<p>On 16 June 2010, in the open market of the Frankfurt Stock Exchange (WKN: A0JCY3 \/ ISIN: DE000A0JCY37) merged listed ce GLOBAL SOUCING AG and HPI GmbH. The merger creates HPI AG, a leading European purchasing and process service provider with a high level of industry expertise in the electronics, automotive, aerospace \/ defence, chemical and pharmaceutical industries<\/p>\n<p>By 2013, the HPI AG completed a rapid growth of 15 million euros in sales per annum (2010) to approx. 115 Mio. Euro sales p.a. (2013). Companies were acquired or majority participations in companies were carried out. The HPI Group came from MRL Mannesmannr\u00f6hren GmbH (Procurement Indirect Material of Industry), 3KV GmbH (IT Procurement and Nischendistribution), Azego AG (Chip Procurement), REW Solar AG (Procurement Photovoltaics) and TND AG (IT Procurement) Rapid growth also entailed major extraordinary costs and investments. New larger logistics Centre, new software systems, This led to increased liquidity requirements for the investments, which resulted in the inflow of capital to the holding company, HPI AG.<\/p>\n<p>HPI AG was in the restructuring from 2013 to 2015. The CEO succeeded in convincing a new investor for the company. The liabilities were partially reduced by waiver, partially converted into shares. , The so-called &#8220;Debt to equity swaps&#8221; entered into the year 2017. Similarly, some subsidiaries \/ participations were sold. In essence, the subsidiary company 3KV LTD remains a key investment under the HPI holding company.<\/p>\n<p>MCA is indirectly the second largest shareholder of HPI AG (via Camkan Invest LLC). M. Negel has been the Executive Board of today&#8217;s HPI AG (former ce Consumer Electronic AG) for 14 years, including ten years as CEO. After a total of 30 years of activity in various management positions for HPI AG \/ CE Consumer Electronic AG, this period was terminated in June 2015 with a contract expiry.<\/p>\n<div class=\"clear\">\n<hr \/>\n<\/div>\n<p>&nbsp;<\/p>\n<p><img loading=\"lazy\" class=\"alignnone size-full wp-image-1172\" src=\"https:\/\/mca-invest.de\/wp-content\/uploads\/2019\/04\/logo_skontoag.png\" alt=\"\" width=\"173\" height=\"49\" \/><\/p>\n<p>Financier of commercial claims of the middle class. Allows medium-sized companies to meet long-term payment targets for their customers with fast liquidity. MCA is one of the founding shareholders of Skonto AG.<\/p>\n<div class=\"clear\">\n<hr \/>\n<\/div>\n<p>&nbsp;<\/p>\n<p><a href=\"http:\/\/www.sofitel.com\/de\/hotel-5413-sofitel-munich-bayerpost\/\" target=\"_blank\" rel=\"noopener noreferrer\"><img loading=\"lazy\" class=\"alignnone size-full wp-image-1171\" src=\"https:\/\/mca-invest.de\/wp-content\/uploads\/2019\/04\/logo-sofitel.png\" alt=\"\" width=\"173\" height=\"52\" \/><img loading=\"lazy\" class=\"alignnone size-full wp-image-1170\" src=\"https:\/\/mca-invest.de\/wp-content\/uploads\/2019\/04\/Sofitel_Bayerpost_thumb.jpg\" alt=\"\" width=\"173\" height=\"123\" \/><\/a><\/p>\n<p><strong>Hotel Bayerpost Munich GmbH &#038; Co. KG<\/strong><br \/>\nThe company belongs to the Hotel Bayerpost in Munich in Bayerstra\u00dfe 12.<br \/>\nA 5 star hotel operated by the Sofitel Group.<\/p>\n<p>MCA is an indirect limited partner of Hotel Bayerpost Munich GmbH &#038; Co. KG.<\/p>\n<div class=\"clear\">\n<hr \/>\n<\/div>\n<p>&nbsp;<\/p>\n<p><strong><img loading=\"lazy\" class=\"alignnone size-full wp-image-1169\" src=\"https:\/\/mca-invest.de\/wp-content\/uploads\/2019\/04\/logo-wellingtonpartners.png\" alt=\"\" width=\"173\" height=\"31\" \/><\/strong><\/p>\n<p><strong>Wellington Partners\u00a0<\/strong><\/p>\n<p>Wellington Partners is one of the most successful pan-European venture capital firms. With a fund volume of around 800 million euros and offices in London, Munich, Palo Alto and Zurich, Wellington is investing in young companies with the potential of a global market leadership, especially in the areas of digital media, cleantech, electronics, software, medical technology, diagnostics and biotechnology.<\/p>\n<p>MCA is indirectly involved in an important VC fund from Wellington.<\/p>\n<div class=\"clear\">\n<hr \/>\n<\/div>\n<p>&nbsp;<\/p>\n<p><strong>Voltwerk Solarpark 16 GmbH &#038; Co. KG:<\/strong><\/p>\n<p>Einer der ersten Solarparks Deutschlands mit 35 Gesellschafter<\/p>\n<div class=\"clear\">\n<hr \/>\n<\/div>\n<p>&nbsp;<\/p>\n<p><strong><img loading=\"lazy\" class=\"alignnone size-full wp-image-1117\" src=\"https:\/\/mca-invest.de\/wp-content\/uploads\/2019\/03\/3kv_logo.jpg\" alt=\"\" width=\"129\" height=\"98\" \/><\/strong><\/p>\n<p><strong>3KV GmbH<\/strong><\/p>\n<div class=\"clear\">\n<hr \/>\n<\/div>\n<p>&nbsp;<\/p>\n<p><strong><img loading=\"lazy\" class=\"alignnone size-full wp-image-1119\" src=\"https:\/\/mca-invest.de\/wp-content\/uploads\/2019\/03\/logo.png\" alt=\"\" width=\"176\" height=\"111\" \/><\/strong><\/p>\n<p><strong>Neue Weltsicht VisionGate.TV GmbH<\/strong><\/p>\n<div class=\"clear\">\n<hr \/>\n<\/div>\n<p>&nbsp;<\/p>\n<p><strong><img loading=\"lazy\" class=\"alignnone size-full wp-image-1168\" src=\"https:\/\/mca-invest.de\/wp-content\/uploads\/2019\/04\/logo_speedlab.png\" alt=\"\" width=\"173\" height=\"41\" \/><\/strong><\/p>\n<p><strong>Speedlab AG<\/strong><\/p>\n<p>SpeedLab develops mathematical algorithms for the financial industry. Financial products from SpeedLab are suitable for the short, medium and long-term investment of assets. The highest value is placed on the risk management and as a result the portfolios have a low volatility with an above-average Sharpe ratio. Since June 1, 2016, the &#8220;Speedlab Robo Trade Funds&#8221; has been listed on the stock exchange under the ISIN: MT7000015053, WKN: A142UR<\/p>\n<p>MCA indirectly holds 4.7% of the shares of SpeedLab AG. Michael Negel is Managing Director of SpeedLab Deutschland GmbH<\/p>\n<p><img loading=\"lazy\" class=\"alignnone size-full wp-image-1167\" src=\"https:\/\/mca-invest.de\/wp-content\/uploads\/2019\/04\/speedlab-small.jpg\" alt=\"\" width=\"400\" height=\"515\" srcset=\"https:\/\/mca-invest.de\/wp-content\/uploads\/2019\/04\/speedlab-small.jpg 400w, https:\/\/mca-invest.de\/wp-content\/uploads\/2019\/04\/speedlab-small-233x300.jpg 233w\" sizes=\"(max-width: 400px) 100vw, 400px\" \/><\/p>\n<p>Ioannis Poimenides\/ CIO SpeedLab, Michael Negel\/ Managing Partner SpeedLab,<br \/>\nMarcus Boehm\/CEO SpeedLab Donner-Reuschel-Bank March 2017<\/p>\n<div class=\"clear\">\n<hr \/>\n<\/div>\n<p>&nbsp;<\/p>\n<p><strong><img loading=\"lazy\" class=\"alignnone size-full wp-image-1166\" src=\"https:\/\/mca-invest.de\/wp-content\/uploads\/2019\/04\/logo_believeinstyle.jpg\" alt=\"\" width=\"173\" height=\"111\" \/><\/strong><\/p>\n<p><strong>Believe in Style GbR<\/strong><br \/>\nBelieve in Style is a start-up company in the area of &#8220;Creative Image Transformation&#8221;. In the form of a &#8220;silent participation&#8221;, MCA holds minority interests and, with its network, experience and advice, supports the management of Believe in Style.[\/vc_column_text][\/vc_tta_section][vc_tta_section i_icon_fontawesome=&#8221;fa fa-microchip&#8221; add_icon=&#8221;true&#8221; title=&#8221;Microelectronics&#8221; tab_id=&#8221;mikroelektronik&#8221;][vc_column_text]<\/p>\n<h5>Microelectronics<\/h5>\n<p>Der Firmengr\u00fcnder der \u201eMCA\u201c, Michael Negel ist sozusagen in der Mikroelektronik \u201eaufgewachsen\u201c. Seit seinem 23. Lebensjahr ist M. Negel in der Mikroelektronik verwurzelt. Er startete als Vertriebs-mitarbeiter bei dem ersten Chip-Broker Europas, der \u201ece Consumer Electronic AG\u201c in 1986. \u00dcber seine Karriereschritte als Vertriebs-und Einkaufsleiter weltweit, sp\u00e4ter auch Partner f\u00fchrte er die \u201ece\u201c mit an die B\u00f6rse und begleitete den Weg zum gr\u00f6\u00dften Chip-Broker weltweit ( Umsatz 440 Mio Euro p.a. in der Spitze, 540 Mitarbeiter ww., 34 L\u00e4nder). In dieser Zeit entstand auch der erste B2B-Handelsplatz ww. f\u00fcr Chips, die \u201eVCE Virtual Chip Exchange\u201c. Die \u201ece\u201c ging, nach Aufl\u00f6sung des Neuen Marktes, in den SDAX. Sp\u00e4ter richtete M. Negel ab 2006 als CEO die \u201ece\u201c neu aus. Durch den Merge mit \u201eHPI Hoechst Procurement\u201c, dem Kauf mehrerer Unternehmen im Bereich IT-Distribution (3KV, TND), Excess-Broker (Azego), Industrie-Logistiker (Mannesmann R\u00f6hrenlogistik) u.a. wurde der gr\u00f6\u00dfte unabh\u00e4ngige Einkaus-dienstleister Europas \u201eHPI Hoechst Procurement AG\u201c geschaffen.<\/p>\n<p>&nbsp;<\/p>\n<p>Nach Ende seiner 30j\u00e4hrigen T\u00e4tigkeit f\u00fcr \u201ece\/HPI AG\u201c \u00fcbernahm M. Negel 2015 \u00fcber die \u201eMCA\u201c die Agentur\/Handelsvertretung f\u00fcr die \u201eSourceability Pte. SG. Ltd\u201c. Nach langen Gespr\u00e4chen mit dem CEO der Sourceability, Jens Gamperl, waren sich beide einig: Der Chip-Markt ben\u00f6tigt etwas Neues. Etwas, was die St\u00e4rken von Firmen wie \u201ece\u201c, \u201eAdvanced MP\u201c; \u201eConverge\u201c, \u201eVelocity\u201c u.a. vereint \u2013 aber deren Schw\u00e4chen nicht hat. Sourceability machte sich zum Ziel, die besten Leute aus der \u201eIndependent Electronic Distribution\u201c weltweit unter einem Dach zu vereinen. Ende 2018 ist die Sourceability auf \u00fcber 300 Mitarbeiter in 15 Standorten gewachsen. \u00dcber 150 Eink\u00e4ufer in Asien und Indien, an diversen Standorten, loten die \u201ebest-prices\u201c in ASEAN, China und Indien aus und stellen sie vielen 100 Kunden auf der ganzen Welt zur Verf\u00fcgung. Mit dem Lounge der \u201eSourcengine\u201c, in die Sourceability \u00fcber 30 Mio US$ investierte, wurde die ERSTE B2B-Handelsplattform herausgebracht, die REALTIME St\u00fccklisten kalkulieren kann, die mehrere Millionen Artikel-Angebote aufweist und enorme Lagerbest\u00e4nde zug\u00e4ngig macht. Zus\u00e4tzlich gibt es ausf\u00fchrliche technische Daten und Skizzen zu Millionen von Bauteile-Artikeln. \u00dcber die Informationsplattform \u201e<a href=\"http:\/\/theburnin.com\/\">TheBurnin.Com<\/a>\u201c stellt Sourceability dem Elektronikmarkt jede Menge Marktinformationen zur Verf\u00fcgung, die Eink\u00e4ufern helfen, den Markt einzusch\u00e4tzen und Ihre Entscheidungen\/Strategien dementsprechend auszurichten. \u00dcber die Plattform \u201e<a href=\"http:\/\/surgle.com\/\">surgle.com<\/a>\u201c gibt Sourceability Kunden Gelegenheit, Entwicklungsprojekte auszuschreiben und einen Markt von Tausenden Entwicklungs-Ingenieuren zu adressieren, von denen sich diejenigen mit spezieller Kenntnis um ein solches Entwicklungsprojekt bewerben k\u00f6nnen. Die Projekte sind h\u00e4ufig interessant dotiert.<\/p>\n<p>&nbsp;<\/p>\n<p>MCA betreut f\u00fcr Sourceability Industriekunden regional und \u00fcberregional. An vorderster Stelle stehen \u201ePreiseinsparungen bei Bauelementen\u201c \u2013 die den Kunden mehr Wettbewerbsf\u00e4higkeit aber auch mehr Marge erlauben \u2013 somit nachhaltige Vorteile bringen. \u00dcber 33 Jahre Kenntnis von M. Negel im Einkauf- und Verkauf von Bauelementen und Marktzyklen sind ein gro\u00dfer Erfahrungsschatz \u2013 den die Kunden sch\u00e4tzen. Zudem hat M.Negel bei abgek\u00fcndigten Teilen und Fehlteilen ein ehernes Prinzip \u2013 das auch seine Mitarbeiter verinnerlicht haben \u201eGeht nicht \u2013 gibt es nicht\u201c. Eine L\u00f6sung gibt es so gut wie immer.<\/p>\n<p>Ein Upgrade, ein Downgrade, eine Selektion, eine Alternative \u2013 es gibt meistens eine L\u00f6sung f\u00fcr alle Beschaffungsf\u00e4lle. Dabei sind aber auch die weit \u00fcber 1.500 Mannjahre Markterfahrung und Lieferanten-kontakte der \u00fcber 150 Sourceability-Eink\u00e4ufer eine riesige Unterst\u00fctzung.[\/vc_column_text][\/vc_tta_section][vc_tta_section i_icon_fontawesome=&#8221;fa fa-bar-chart&#8221; add_icon=&#8221;true&#8221; title=&#8221;Capital Market&#8221; tab_id=&#8221;kapitalmarkt&#8221;][vc_column_text]<\/p>\n<h5>Capital Market<\/h5>\n<p>Trade with active, passive and electromechanical components and systems (chips, capacitors, connectors, IT products) as well as raw materials, metals and commodities[\/vc_column_text][\/vc_tta_section][vc_tta_section i_icon_fontawesome=&#8221;fa fa-map-marker&#8221; add_icon=&#8221;true&#8221; title=&#8221;Real Estate&#8221; tab_id=&#8221;immobilien&#8221;][vc_column_text]<\/p>\n<h5>Real Estate<\/h5>\n<p>Indirect operation of a real estate company that buys and manages residential and commercial real estate[\/vc_column_text][\/vc_tta_section][vc_tta_section i_icon_fontawesome=&#8221;fa fa-shield&#8221; add_icon=&#8221;true&#8221; title=&#8221;Personal protective equipment&#8221; tab_id=&#8221;rohstoffe&#8221;][vc_column_text]<\/p>\n<h5>Personal protective equipment Covid19 pandemic<\/h5>\n<p>For government agencies outside the EU: mediation of vaccine deliveries as well as international wholesale and trade mediation with PPE articles (personal protective equipment)[\/vc_column_text][\/vc_tta_section][vc_tta_section i_icon_fontawesome=&#8221;fa fa-globe&#8221; add_icon=&#8221;true&#8221; title=&#8221;Middle class policy&#8221; tab_id=&#8221;mittelstandspolitik&#8221;][vc_column_text]<\/p>\n<h5>Middle class policy<\/h5>\n<p>Michael Negel was appointed Senator of the BvMW registered association in 2007, the appointment was made by the President and the Saxon Prime Minister Professor Biedenkopf. 2012 M. Negel was appointed in European Economic Senate registered association als the Senate of the EMS and the economy Senator by its President Dr. Ingo Friedrich. Likewise M. Negel is long-standing member of the middle-class union of the CSU, the Economic Adviser Bavaria and the East-Asia-Association. As an economic agent, M. Negel participated in a number of trips from top politicians as a delegation member, including Chancellor Merkel, Minister of Economic Affairs Glos, WM Br\u00fcderle and World Cup Roesler. Likewise, he participate regularly for his associations &#8220;Asia-Pacific Conference of German Business&#8221; As well as in parts of Asia economic summits of the German economy , also with other countries (eg, United Arab Emirates, Estonia, Poland and others) and the &#8220;Business Forum at the German ambassador&#8221; of the year the most important German commercial companies.<\/p>\n<p>These activities are voluntary. The focus and the desire is his personal contribution to the German economy as a whole, and especially to the German middle class. In addition, the need is to be close to the &#8220;happening&#8221; to be a competent and well-informed partner for the business partners of MCA and M. Negel.<\/p>\n<p>Extracts from the Senate and delegation trips can be viewed with a &#8220;click&#8221;.[\/vc_column_text][vc_btn title=&#8221;Senate-Events&#8221; size=&#8221;lg&#8221; i_icon_fontawesome=&#8221;fa fa-handshake-o&#8221; add_icon=&#8221;true&#8221; link=&#8221;url:http%3A%2F%2Fhttps:\/\/mca-invest.de%2Fcategory%2Fmittelsandspolitik%2Fsenats-events%2F|||&#8221;][vc_btn title=&#8221;Delegation trips&#8221; size=&#8221;lg&#8221; i_icon_fontawesome=&#8221;fa fa-globe&#8221; add_icon=&#8221;true&#8221; link=&#8221;url:http%3A%2F%2Fhttps:\/\/mca-invest.de%2Fcategory%2Fmittelsandspolitik%2Fdelegationsreisen%2F|||&#8221;][\/vc_tta_section][vc_tta_section i_icon_fontawesome=&#8221;fa fa-gratipay&#8221; add_icon=&#8221;true&#8221; title=&#8221;Social Projects&#8221; tab_id=&#8221;soziale-projekte&#8221;][vc_column_text]<\/p>\n<h5>Social Projects<\/h5>\n<p>Economic success is the pursuit of our company. However, not at any cost and in consideration of commercial, legal and ethical principles.<\/p>\n<p>It is very important to us, and to share our success to share with those in need of our society. In this context, we consider particularly innocent people in need, especially children and women in a socially difficult environment.<\/p>\n<p>We will present you our currently supported projects. We would be delighted if you also supported these projects. For further information please do not hesitate to contact us.[\/vc_column_text][vc_btn title=&#8221;Social Projects&#8221; size=&#8221;lg&#8221; i_icon_fontawesome=&#8221;fa fa-heart&#8221; add_icon=&#8221;true&#8221; link=&#8221;url:http%3A%2F%2Fhttps:\/\/mca-invest.de%2Fsoziale-projekte%2F|title:Soziale%20Projekte||&#8221;][\/vc_tta_section][\/vc_tta_tabs][\/vc_column][\/vc_row]<\/p>\n","protected":false},"excerpt":{"rendered":"<p>[vc_row type_row=&#8221;default&#8221;][vc_column][vc_tta_tabs style=&#8221;modern&#8221; shape=&#8221;square&#8221; spacing=&#8221;5&#8243; gap=&#8221;5&#8243; active_section=&#8221;1&#8243;][vc_tta_section i_icon_fontawesome=&#8221;fa fa-puzzle-piece&#8221; add_icon=&#8221;true&#8221; title=&#8221;Investments&#8221; tab_id=&#8221;unternehmensbeteiligung&#8221;][vc_column_text] Corporate investments The MCA is currently indirectly involved in companies ranging from procurement, industrial services, information technology, financial services, sensor technology, venture capital, real estate, asset management. Indirect investments: &nbsp; Camkan Invest LLC Camkan Invest is the family office and the family holding [&hellip;]<\/p>\n","protected":false},"author":1,"featured_media":0,"parent":0,"menu_order":0,"comment_status":"closed","ping_status":"closed","template":"page-templates\/other-page.php","meta":[],"_links":{"self":[{"href":"https:\/\/mca-invest.de\/en\/wp-json\/wp\/v2\/pages\/294"}],"collection":[{"href":"https:\/\/mca-invest.de\/en\/wp-json\/wp\/v2\/pages"}],"about":[{"href":"https:\/\/mca-invest.de\/en\/wp-json\/wp\/v2\/types\/page"}],"author":[{"embeddable":true,"href":"https:\/\/mca-invest.de\/en\/wp-json\/wp\/v2\/users\/1"}],"replies":[{"embeddable":true,"href":"https:\/\/mca-invest.de\/en\/wp-json\/wp\/v2\/comments?post=294"}],"version-history":[{"count":97,"href":"https:\/\/mca-invest.de\/en\/wp-json\/wp\/v2\/pages\/294\/revisions"}],"predecessor-version":[{"id":1690,"href":"https:\/\/mca-invest.de\/en\/wp-json\/wp\/v2\/pages\/294\/revisions\/1690"}],"wp:attachment":[{"href":"https:\/\/mca-invest.de\/en\/wp-json\/wp\/v2\/media?parent=294"}],"curies":[{"name":"wp","href":"https:\/\/api.w.org\/{rel}","templated":true}]}}